{"id":1831,"date":"2024-01-14T15:40:34","date_gmt":"2024-01-14T15:40:34","guid":{"rendered":"https:\/\/mysticartiste.com\/?post_type=product&#038;p=1831"},"modified":"2025-10-20T09:58:30","modified_gmt":"2025-10-20T09:58:30","slug":"du-pasauliai-malones-desnis","status":"publish","type":"product","link":"https:\/\/mysticartiste.com\/index.php\/product\/du-pasauliai-malones-desnis\/","title":{"rendered":"22 min. Du pasauliai. Malon\u0117s d\u0117snis (gars\u0173 kelion\u0117)"},"content":{"rendered":"<ul>\n<li>Kartu su gars\u0173 kelione \u012f savo el. pa\u0161t\u0105 gausite informacij\u0105 k\u0105 svarbu \u017einoti praktikavimo laikotarpyje, b\u016btinai atsi\u017evelkite \u012f rekomendacijas, nes taip palengvinsite savo vibracij\u0173 kilimo proces\u0105<\/li>\n<li><span class=\"s1\">Prie\u0161 kiekvien\u0105 kelion\u0119 \u012fsis\u0105moninkite apa\u010dioje esant\u012f intencijos apra\u0161ym\u0105 (\u0161<\/span>i gars\u0173 kelion\u0117 neturi balso vedimo)<\/li>\n<li class=\"p1\"><span class=\"s1\">Garsus klausykite ramioje erdv\u0117je, kur gal\u0117tum\u0117te maksimaliai atsipalaiduoti<\/span><\/li>\n<li class=\"p1\"><span class=\"s1\">Skirta klausyti tik su ausin\u0117mis<\/span><\/li>\n<li><span class=\"s1\"><span class=\"s1\"><span class=\"s1\">Kelion\u0117s metu galite s\u0117d\u0117ti, gul\u0117ti, stov\u0117ti, jud\u0117ti, ta\u010diau vis\u0105 d\u0117mes\u012f skirkite procesui ir atsipalaidavimui<\/span><\/span><\/span><\/li>\n<li class=\"p1\"><span class=\"s1\">Garsus klausyti 3-6 m\u0117nesius, ryte, vakare ar bet kuriuo paros metu<\/span><\/li>\n<li class=\"p1\"><span class=\"s1\">Atkreipkite d\u0117mes\u012f ar taisyklingai \u012fved\u0117te el. pa\u0161to adres\u0105, nes \u012f j\u012f gausite nuorod\u0105 failams parsisi\u0173sti. Jei nesulauk\u0117te \u012fsigyt\u0173 fail\u0173, per\u017ei\u016br\u0117kite visus savo el. pa\u0161to katalogus, grei\u010diausiai lai\u0161kas atsid\u016br\u0117 kitame aplanke<\/span><\/li>\n<li>Parsisi\u0173skite \u012f savo \u012frengin\u012f, nuoroda i\u0161 kurios gal\u0117site parsisi\u0173sti galios 30 dien\u0173.<\/li>\n<\/ul>\n<p class=\"p1\"><span class=\"s1\">\u0160i gars\u0173 kelion\u0117 i\u0161transliuota siekiant pagreitinti karmos valymo proces\u0105. Gerai \u012fsigilinkite \u012f meditacijos esm\u0119, kuri \u010dia apra\u0161yta. Turite suvokti, jog valantis tankioms karmin\u0117ms strukt\u016broms, i\u0161 esm\u0117s keisis visas j\u016bs\u0173 gyvenimas, nes prad\u0117site rezonuoti su auk\u0161tesn\u0117mis, kokybi\u0161komis vibracijomis, tod\u0117l visos nekokybi\u0161kos energijos, situacijos ir \u017emon\u0117s nat\u016braliai paliks j\u016bs\u0173 energetin\u012f lauk\u0105 ir j\u016bs\u0173 naujai kuriam\u0105 realyb\u0119. Esminis dalykas, tai yra susitaikymas ir pasitik\u0117jimas transformacijos ir aktyvacijos laikotarpyje.\u00a0<\/span><\/p>\n<p class=\"p1\"><span class=\"s1\">Gars\u0173 kelion\u0117je yra subtilios vibracijos, energetiniai kodai, \u012fsakai, strukt\u016bros, aktyvacijos ir da\u017eniai, kurie teigiamai veikia klausan\u010diojo energetin\u012f lauk\u0105, taipogi stipriai \u012ftakoja karmin\u0117se situacijose dalyvaujan\u010dius asmenis, bei karmines energijas.<\/span><\/p>\n<p>Prie\u0161 kiekvien\u0105 meditacij\u0105 perskaitykite, \u012fsis\u0105moninkite ir susiderinkite su \u0161ia informacija:<\/p>\n<p class=\"p1\"><em><span class=\"s1\">&#8222;Remdamasi Dievi\u0161kuoju \u012fsaku ir K\u016br\u0117jo vardu, A\u0160 ESU VIENYJE su Dievi\u0161k\u0105ja k\u016bryba ir per \u0161i\u0105 esat\u012f kvie\u010diu \u0161vent\u0105 violetin\u0119 liepsn\u0105, kad \u0161i\u0105 akimirk\u0105 ji perkeist\u0173 kiekvien\u0105 mint\u012f, b\u016bsen\u0105, ry\u0161\u012f, strukt\u016br\u0105, prisiri\u0161im\u0105 ir s\u0105jung\u0105, siejan\u010di\u0105 mane su bet kokia neigiama energija, b\u016btybe ar objektu \u0161ioje Visatoje, jei tai nesiderina su auk\u0161\u010diausiuoju visos k\u016brinijos \u0160altiniu ir su Dievi\u0161kuoju \u017dem\u0117s planu. <\/span><\/em><\/p>\n<p class=\"p1\"><em><span class=\"s1\">A\u0161 atsiduodu malon\u0117s d\u0117sniui.<\/span><\/em><\/p>\n<p class=\"p1\"><em><span class=\"s1\">DABAR A\u0160 ESU visuose savo \u017eemesniuose ir auk\u0161tesniuose k\u016bnuose visi\u0161kai susiderin\u0119s ir susilygiav\u0119s su auk\u0161\u010diausiuoju visos k\u016brinijos \u0160altiniu. <\/span><\/em><\/p>\n<p class=\"p1\"><em><span class=\"s1\">Parei\u0161kiu, jog remdamasi Visatos \u012fstatymu leid\u017eiu, kad visos matematin\u0117s programos ir \u0161venti kodai, u\u017e kuriuos esu atsakingas \u0161iam \u012fsik\u016bnijime b\u016bt\u0173 man atverti ir \u012fra\u0161yti tokios tyros b\u016bkl\u0117s, kuri atitinka Dievi\u0161k\u0105j\u0105 tvark\u0105, ir pra\u0161au, kad jie visada tokie ir likt\u0173, nes tokia yra K\u016br\u0117jo valia.<\/span><\/em><\/p>\n<p class=\"p1\"><em><span class=\"s1\">Taip pat kvie\u010diu \u0160viesias Kosmines esybes ir Pakilusius \u0160viesos Mokytojus i\u0161 septintojo bei dar auk\u0161tesni\u0173 matmen\u0173, esan\u010dius ap\u0161viestos tiesos sferose palaikyti man erdv\u0119, lyd\u0117ti, mokyti, vadovauti, globoti ir saugoti \u0161io per\u0117jimo per pagreitint\u0105 karmos valym\u0105 metu.<\/span><\/em><\/p>\n<p class=\"p1\"><em><span class=\"s1\">A\u0161 leid\u017eiu \u0161viesos esyb\u0117ms i\u0161 7 ir auk\u0161tesni\u0173 matmen\u0173 veikti mano protiniame programavime, taip atliekant valym\u0105 vis\u0173 ribojan\u010di\u0173 \u012fsitikinim\u0173, kurie trukdo mano gyvenimui lengvai pl\u0117stis.<\/span><\/em><\/p>\n<p class=\"p1\"><em><span class=\"s1\">A\u0161 nutariau, kad nuo \u0161ios dienos gausiu vidin\u012f gydym\u0105, nes dangi\u0161kos \u0161viesos esyb\u0117s vaik\u0161\u010dios su manimi per mano istorij\u0105, rodydamos, kad man nebereikia \u0161i\u0173 nepalanki\u0173 patir\u010di\u0173.<\/span><\/em><\/p>\n<p class=\"p1\"><em><span class=\"s1\">Tai nutarta tiek materialiame, tiek dvasiniame plane, kad visi mano trauminiai patyrimai ir \u012fspaudai \u0161iuo metu b\u016bt\u0173 \u012fveikiami ir \u012f mano prot\u0105 atkeliaut\u0173 tik geri ir \u0161vies\u016bs prisiminimai. O jei ateis tams\u016bs ar sunk\u016bs, tur\u0117siu b\u016btin\u0105 i\u0161mint\u012f perkelti d\u0117mes\u012f ir nukreipti meil\u0117s, \u0161viesos bei teigiam\u0173 energij\u0173 link.<\/span><\/em><\/p>\n<p class=\"p1\"><em><span class=\"s1\">Jei kadanors per gyvenimus buvau pa\u017eemintas, jei mane naikino aplinkos kritika visai be pagrindo, jei buvau nuvertintas, tai yra dabar valoma ir gydoma mano sistemoje.<\/span><\/em><\/p>\n<p class=\"p1\"><em><span class=\"s1\">Jei mano gyvenime \u012fvyko nepatogumai, spaudimas, sunkumai, suprantu, kad tai jau praeityje, ir gyvenu dabar, pasitik\u0117damas \u0161viesa, kuri mane veda ir moko.<\/span><\/em><\/p>\n<p class=\"p1\"><em><span class=\"s1\">Vardan Did\u017eiausio K\u016br\u0117jo ir vis\u0173 \u0160viesos Esybi\u0173, Pakilusi\u0173 mokytoj\u0173, nutariau, kad \u0161ios traumos ar ribojantys \u012fsitikinimai daugiau nekenks mano keliui ir nebesukels lig\u0173 fiziniam k\u016bnui bei subtiliesiems k\u016bnams.<\/span><\/em><\/p>\n<p class=\"p1\"><em><span class=\"s1\">Nuo \u0161iol paleid\u017eiu \u0161ias nepalankias energijas ir priimu energijas, kurios jau buvo transformuotos ir i\u0161valytos.<\/span><\/em><\/p>\n<p class=\"p1\"><em><span class=\"s1\">Mentalinis programavimas jau \u012fvyko manyje, tod\u0117l esu laisvas, i\u0161gydytas, i\u0161valytas, sveikas, laimingas ir K\u016br\u0117jo palaimintas.<\/span><\/em><\/p>\n<p class=\"p1\"><em><span class=\"s1\">Nuo \u0161iol ie\u0161kau nauj\u0173 patir\u010di\u0173 savo sielai, augimui, sustipr\u0117jimui, brandumui ir evoliucijai, kurios skverbiasi pro mane i\u0161 7 ir dar auk\u0161tesni\u0173 matmen\u0173, a\u0161 atsiveriu mokymui.<\/span><\/em><\/p>\n<p class=\"p1\"><em><span class=\"s1\">Taip jau yra. Padaryta. Padaryta. Padaryta!\u00a0<\/span><\/em><em><span class=\"s1\">A\u010di\u016b.&#8221;<\/span><\/em><\/p>\n<p>&nbsp;<\/p>\n<p style=\"text-align: center;\">\u0160ilti apkabinimai ir \u0161vies\u016bs link\u0117jimai! \ud83d\ude42<\/p>\n<p style=\"text-align: center;\">Mystic Artist\u00e9<\/p>\n","protected":false},"excerpt":{"rendered":"<p>gars\u0173 kelion\u0117s<\/p>\n","protected":false},"featured_media":1833,"comment_status":"open","ping_status":"closed","template":"","meta":{"om_disable_all_campaigns":false,"_monsterinsights_skip_tracking":false,"_monsterinsights_sitenote_active":false,"_monsterinsights_sitenote_note":"","_monsterinsights_sitenote_category":0,"site-sidebar-layout":"default","site-content-layout":"","ast-site-content-layout":"default","site-content-style":"default","site-sidebar-style":"default","ast-global-header-display":"","ast-banner-title-visibility":"","ast-main-header-display":"","ast-hfb-above-header-display":"","ast-hfb-below-header-display":"","ast-hfb-mobile-header-display":"","site-post-title":"","ast-breadcrumbs-content":"","ast-featured-img":"","footer-sml-layout":"","theme-transparent-header-meta":"default","adv-header-id-meta":"","stick-header-meta":"","header-above-stick-meta":"","header-main-stick-meta":"","header-below-stick-meta":"","astra-migrate-meta-layouts":"set","ast-page-background-enabled":"default","ast-page-background-meta":{"desktop":{"background-color":"","background-image":"","background-repeat":"repeat","background-position":"center center","background-size":"auto","background-attachment":"scroll","background-type":"","background-media":"","overlay-type":"","overlay-color":"","overlay-opacity":"","overlay-gradient":""},"tablet":{"background-color":"","background-image":"","background-repeat":"repeat","background-position":"center center","background-size":"auto","background-attachment":"scroll","background-type":"","background-media":"","overlay-type":"","overlay-color":"","overlay-opacity":"","overlay-gradient":""},"mobile":{"background-color":"","background-image":"","background-repeat":"repeat","background-position":"center center","background-size":"auto","background-attachment":"scroll","background-type":"","background-media":"","overlay-type":"","overlay-color":"","overlay-opacity":"","overlay-gradient":""}},"ast-content-background-meta":{"desktop":{"background-color":"var(--ast-global-color-5)","background-image":"","background-repeat":"repeat","background-position":"center center","background-size":"auto","background-attachment":"scroll","background-type":"","background-media":"","overlay-type":"","overlay-color":"","overlay-opacity":"","overlay-gradient":""},"tablet":{"background-color":"var(--ast-global-color-5)","background-image":"","background-repeat":"repeat","background-position":"center center","background-size":"auto","background-attachment":"scroll","background-type":"","background-media":"","overlay-type":"","overlay-color":"","overlay-opacity":"","overlay-gradient":""},"mobile":{"background-color":"var(--ast-global-color-5)","background-image":"","background-repeat":"repeat","background-position":"center center","background-size":"auto","background-attachment":"scroll","background-type":"","background-media":"","overlay-type":"","overlay-color":"","overlay-opacity":"","overlay-gradient":""}}},"product_brand":[],"product_cat":[47],"product_tag":[],"class_list":{"0":"post-1831","1":"product","2":"type-product","3":"status-publish","4":"has-post-thumbnail","6":"product_cat-meditacija","7":"desktop-align-center","8":"tablet-align-left","9":"mobile-align-left","11":"first","12":"instock","13":"downloadable","14":"virtual","15":"purchasable","16":"product-type-simple"},"aioseo_notices":[],"_links":{"self":[{"href":"https:\/\/mysticartiste.com\/index.php\/wp-json\/wp\/v2\/product\/1831","targetHints":{"allow":["GET"]}}],"collection":[{"href":"https:\/\/mysticartiste.com\/index.php\/wp-json\/wp\/v2\/product"}],"about":[{"href":"https:\/\/mysticartiste.com\/index.php\/wp-json\/wp\/v2\/types\/product"}],"replies":[{"embeddable":true,"href":"https:\/\/mysticartiste.com\/index.php\/wp-json\/wp\/v2\/comments?post=1831"}],"wp:featuredmedia":[{"embeddable":true,"href":"https:\/\/mysticartiste.com\/index.php\/wp-json\/wp\/v2\/media\/1833"}],"wp:attachment":[{"href":"https:\/\/mysticartiste.com\/index.php\/wp-json\/wp\/v2\/media?parent=1831"}],"wp:term":[{"taxonomy":"product_brand","embeddable":true,"href":"https:\/\/mysticartiste.com\/index.php\/wp-json\/wp\/v2\/product_brand?post=1831"},{"taxonomy":"product_cat","embeddable":true,"href":"https:\/\/mysticartiste.com\/index.php\/wp-json\/wp\/v2\/product_cat?post=1831"},{"taxonomy":"product_tag","embeddable":true,"href":"https:\/\/mysticartiste.com\/index.php\/wp-json\/wp\/v2\/product_tag?post=1831"}],"curies":[{"name":"wp","href":"https:\/\/api.w.org\/{rel}","templated":true}]}}