{"id":2635,"date":"2024-04-08T11:27:18","date_gmt":"2024-04-08T11:27:18","guid":{"rendered":"https:\/\/mysticartiste.com\/?post_type=product&#038;p=2635"},"modified":"2025-10-20T09:59:10","modified_gmt":"2025-10-20T09:59:10","slug":"11-min-meiles-pazadas-sau","status":"publish","type":"product","link":"https:\/\/mysticartiste.com\/index.php\/product\/11-min-meiles-pazadas-sau\/","title":{"rendered":"11 min. Meil\u0117s pa\u017eadas sau (meditacija su balso vedimu)"},"content":{"rendered":"<ul>\n<li>Kartu su meditacija \u012f savo el. pa\u0161t\u0105 gausite informacij\u0105 k\u0105 svarbu \u017einoti praktikavimo laikotarpyje, b\u016btinai atsi\u017evelkite \u012f rekomendacijas, nes taip palengvinsite savo vibracij\u0173 kilimo proces\u0105<\/li>\n<li><span class=\"s1\">Meditacijoje yra balso vedimas, tod\u0117l jai niekaip pasiruo\u0161ti nereikia<\/span><\/li>\n<li class=\"p1\"><span class=\"s1\">Meditacij\u0105 klausykite ramioje erdv\u0117je, kur gal\u0117tum\u0117te maksimaliai atsipalaiduoti<\/span><\/li>\n<li class=\"p1\"><span class=\"s1\">Meditacija skirta klausyti su ausin\u0117mis<\/span><\/li>\n<li><span class=\"s1\">Meditacijos metu galite s\u0117d\u0117ti, gul\u0117ti, stov\u0117ti, jud\u0117ti, ta\u010diau vis\u0105 d\u0117mes\u012f skirkite procesui ir atsipalaidavimui<\/span><\/li>\n<li class=\"p1\"><span class=\"s1\">Meditacij\u0105 klausyti 3-6 m\u0117nesius, ryte arba vakare, arba tiek intensyviai, kiek norisi<\/span><\/li>\n<li class=\"p1\"><span class=\"s1\">Atkreipkite d\u0117mes\u012f ar taisyklingai \u012fved\u0117te el. pa\u0161to adres\u0105, nes \u012f j\u012f gausite nuorod\u0105 failams parsisi\u0173sti. Jei nesulauk\u0117te \u012fsigyt\u0173 fail\u0173, per\u017ei\u016br\u0117kite visus savo el. pa\u0161to katalogus, grei\u010diausiai lai\u0161kas atsid\u016br\u0117 kitame aplanke<\/span><\/li>\n<li>Meditacij\u0105 parsisi\u0173skite \u012f savo \u012frengin\u012f, nuoroda i\u0161 kurios gal\u0117site parsisi\u0173sti galios 30 dien\u0173.<\/li>\n<\/ul>\n<p style=\"padding-left: 80px;\"><strong><em>Apie &#8222;Meil\u0117s pa\u017eadas sau&#8221; meditacij\u0105<\/em><\/strong><\/p>\n<p class=\"p1\"><span class=\"s1\">Dabar, \u0161iame momente, yra galimyb\u0117 suprasti, kad esame daugiau nei \u0161is k\u016bnas, daugiau nei mintys ar emocijos, esame begalinis erdv\u0117s laukas, kur\u012f praturtina s\u0105moningumas. Nepaisant i\u0161\u0161\u016bki\u0173, kuriuos dabar patiriame, kvie\u010diu jus pasitik\u0117ti procesu ir i\u0161likti budriems, nes mes ne\u0161ame kartu \u0161vies\u0105, kuri atne\u0161a poky\u010dius. Tai yra laikas nebijoti, bet su\u0161velninti savo \u0161ird\u012f ir priimti tai, kas ateina, su atvirumu ir pasitik\u0117jimu, kad kiekvienas i\u0161 m\u016bs\u0173 yra dalis \u0161ios didel\u0117s transformacijos. Priimkite \u0161\u012f moment\u0105 kaip dovan\u0105, leiskite jam jus palyd\u0117ti \u012f nauj\u0105 gyvenimo etap\u0105, kuriame meil\u0117 ir vienyb\u0117 yra esm\u0117 &#8211; nat\u016brali m\u016bs\u0173 vis\u0173 b\u016btis. O \u0161is MEIL\u0116S PA\u017dADAS SAU yra kvietimas patirti save per nauj\u0105 prizm\u0119, i\u0161silaisvinti i\u0161 savo viduje slypin\u010di\u0173 baimi\u0173 ir leisti meilei nu\u0161viesti j\u016bs\u0173 keli\u0105 \u012f pilnatv\u0119.<\/span><\/p>\n<p>&nbsp;<\/p>\n","protected":false},"excerpt":{"rendered":"<p>meditacija su balso vedimu<\/p>\n","protected":false},"featured_media":2640,"comment_status":"open","ping_status":"closed","template":"","meta":{"om_disable_all_campaigns":false,"_monsterinsights_skip_tracking":false,"_monsterinsights_sitenote_active":false,"_monsterinsights_sitenote_note":"","_monsterinsights_sitenote_category":0,"site-sidebar-layout":"default","site-content-layout":"","ast-site-content-layout":"default","site-content-style":"default","site-sidebar-style":"default","ast-global-header-display":"","ast-banner-title-visibility":"","ast-main-header-display":"","ast-hfb-above-header-display":"","ast-hfb-below-header-display":"","ast-hfb-mobile-header-display":"","site-post-title":"","ast-breadcrumbs-content":"","ast-featured-img":"","footer-sml-layout":"","theme-transparent-header-meta":"default","adv-header-id-meta":"","stick-header-meta":"","header-above-stick-meta":"","header-main-stick-meta":"","header-below-stick-meta":"","astra-migrate-meta-layouts":"set","ast-page-background-enabled":"default","ast-page-background-meta":{"desktop":{"background-color":"","background-image":"","background-repeat":"repeat","background-position":"center center","background-size":"auto","background-attachment":"scroll","background-type":"","background-media":"","overlay-type":"","overlay-color":"","overlay-opacity":"","overlay-gradient":""},"tablet":{"background-color":"","background-image":"","background-repeat":"repeat","background-position":"center center","background-size":"auto","background-attachment":"scroll","background-type":"","background-media":"","overlay-type":"","overlay-color":"","overlay-opacity":"","overlay-gradient":""},"mobile":{"background-color":"","background-image":"","background-repeat":"repeat","background-position":"center center","background-size":"auto","background-attachment":"scroll","background-type":"","background-media":"","overlay-type":"","overlay-color":"","overlay-opacity":"","overlay-gradient":""}},"ast-content-background-meta":{"desktop":{"background-color":"var(--ast-global-color-5)","background-image":"","background-repeat":"repeat","background-position":"center center","background-size":"auto","background-attachment":"scroll","background-type":"","background-media":"","overlay-type":"","overlay-color":"","overlay-opacity":"","overlay-gradient":""},"tablet":{"background-color":"var(--ast-global-color-5)","background-image":"","background-repeat":"repeat","background-position":"center center","background-size":"auto","background-attachment":"scroll","background-type":"","background-media":"","overlay-type":"","overlay-color":"","overlay-opacity":"","overlay-gradient":""},"mobile":{"background-color":"var(--ast-global-color-5)","background-image":"","background-repeat":"repeat","background-position":"center center","background-size":"auto","background-attachment":"scroll","background-type":"","background-media":"","overlay-type":"","overlay-color":"","overlay-opacity":"","overlay-gradient":""}}},"product_brand":[],"product_cat":[47,33],"product_tag":[],"class_list":{"0":"post-2635","1":"product","2":"type-product","3":"status-publish","4":"has-post-thumbnail","6":"product_cat-meditacija","7":"product_cat-saves-pazinimas","8":"desktop-align-center","9":"tablet-align-left","10":"mobile-align-left","12":"first","13":"instock","14":"downloadable","15":"virtual","16":"purchasable","17":"product-type-simple"},"aioseo_notices":[],"_links":{"self":[{"href":"https:\/\/mysticartiste.com\/index.php\/wp-json\/wp\/v2\/product\/2635","targetHints":{"allow":["GET"]}}],"collection":[{"href":"https:\/\/mysticartiste.com\/index.php\/wp-json\/wp\/v2\/product"}],"about":[{"href":"https:\/\/mysticartiste.com\/index.php\/wp-json\/wp\/v2\/types\/product"}],"replies":[{"embeddable":true,"href":"https:\/\/mysticartiste.com\/index.php\/wp-json\/wp\/v2\/comments?post=2635"}],"wp:featuredmedia":[{"embeddable":true,"href":"https:\/\/mysticartiste.com\/index.php\/wp-json\/wp\/v2\/media\/2640"}],"wp:attachment":[{"href":"https:\/\/mysticartiste.com\/index.php\/wp-json\/wp\/v2\/media?parent=2635"}],"wp:term":[{"taxonomy":"product_brand","embeddable":true,"href":"https:\/\/mysticartiste.com\/index.php\/wp-json\/wp\/v2\/product_brand?post=2635"},{"taxonomy":"product_cat","embeddable":true,"href":"https:\/\/mysticartiste.com\/index.php\/wp-json\/wp\/v2\/product_cat?post=2635"},{"taxonomy":"product_tag","embeddable":true,"href":"https:\/\/mysticartiste.com\/index.php\/wp-json\/wp\/v2\/product_tag?post=2635"}],"curies":[{"name":"wp","href":"https:\/\/api.w.org\/{rel}","templated":true}]}}