{"id":3639,"date":"2025-09-29T17:22:02","date_gmt":"2025-09-29T17:22:02","guid":{"rendered":"https:\/\/mysticartiste.com\/?post_type=product&#038;p=3639"},"modified":"2026-03-25T08:51:11","modified_gmt":"2026-03-25T08:51:11","slug":"30-min-kunas-snekasi-meditacija-su-balso-vedimu","status":"publish","type":"product","link":"https:\/\/mysticartiste.com\/index.php\/product\/30-min-kunas-snekasi-meditacija-su-balso-vedimu\/","title":{"rendered":"30 min. K\u016bnas \u0161nekasi (meditacija su balso vedimu)"},"content":{"rendered":"<p class=\"p1\"><em><span class=\"s1\">\u012esigij\u0119 meditacij\u0105, netrukus savo el. pa\u0161te rasite lai\u0161k\u0105. <\/span><\/em><\/p>\n<p class=\"p1\"><em><span class=\"s1\">Parsisiuntimo nuoroda galios 1 m\u0117n.<\/span><\/em><\/p>\n<p class=\"p1\"><em><span class=\"s1\">B\u016btinai \u012fveskite teising\u0105 el. pa\u0161to adres\u0105, kad gars\u0173 kelion\u0117 pasiekt\u0173 jus be kli\u016b\u010di\u0173.<\/span><\/em><\/p>\n<p class=\"p1\"><span class=\"s1\">\ud83c\udf19 <\/span><strong><span class=\"s2\">Instrukcija meditacijai<\/span><\/strong><\/p>\n<p class=\"p1\"><span class=\"s1\">Prie\u0161 pradedant, pasir\u016bpink patogia ir jaukia aplinka:<\/span><\/p>\n<p class=\"p3\"><span class=\"s1\">\u3030\ufe0f Atsigulk ant nugaros arba patogiai \u012fsitaisyk kr\u0117sle, kad k\u016bnas gal\u0117t\u0173 visi\u0161kai atsipalaiduoti<\/span><\/p>\n<p class=\"p3\"><span class=\"s1\">\u3030\ufe0f \u0160iltai u\u017esiklok, kad meditacijos metu b\u016bt\u0173 jauku<\/span><\/p>\n<p class=\"p3\"><span class=\"s1\">\u3030\ufe0f U\u017esid\u0117k <span class=\"s2\">ausines<\/span> \u2013 tai labai svarbu, nes garsai ir special\u016bs efektai sukurti b\u016btent klausymuisi per ausines (rekomenduoju tur\u0117ti tikrai kokybi\u0161kas ausines)<\/span><\/p>\n<p class=\"p3\"><span class=\"s1\">\u3030\ufe0f U\u017esimerk ir nukreipk d\u0117mes\u012f \u012f vid\u0173<\/span><\/p>\n<ul>\n<li class=\"p1\"><span class=\"s1\">Meditacija prasideda \u0161velniu balso vedimu, kuris pad\u0117s nurimti ir susitelkti.<\/span><\/li>\n<li class=\"p1\"><span style=\"font-size: 16px;\"><span style=\"font-size: 16px;\">V\u0117liau laukia gars\u0173 kelion\u0117 \u012f gyl\u012f \u2013 ten, kur atsivers tavo vidinis pasaulis.<\/span><\/span><\/li>\n<\/ul>\n<p class=\"p1\"><strong><em><span class=\"s1\">Sveikintini poj\u016b\u010diai meditacijos metu:<\/span><\/em><\/strong><\/p>\n<ul>\n<li style=\"list-style-type: none;\">\n<ul class=\"ul1\">\n<li class=\"li3\"><span class=\"s2\">kar\u0161tis, \u0161iluma kr\u016btin\u0117je<\/span><\/li>\n<li class=\"li3\"><span class=\"s2\">viso k\u016bno ar atskir\u0173 dali\u0173 pulsavimas, vibracija<\/span><\/li>\n<li class=\"li3\"><span class=\"s2\">pl\u0117timosi ir kilimo jausmas<\/span><\/li>\n<li class=\"li3\"><span class=\"s2\">praeities pasikartojimas vaizdiniais, min\u010di\u0173 ir jausm\u0173 pavidalu (priimkite visk\u0105 kas kyla su meile ir atsipalaidavimu)<\/span><\/li>\n<li class=\"li3\"><span class=\"s2\">lengvumo ar skryd\u017eio poj\u016btis<\/span><\/li>\n<li class=\"li3\"><span class=\"s2\">tirpimas arba dilg\u010diojimas k\u016bne<\/span><\/li>\n<li class=\"li3\"><span class=\"s2\">gilaus atsipalaidavimo, ramyb\u0117s jausmas<\/span><\/li>\n<li class=\"li3\"><span class=\"s2\">susiliejimo su aplinka ar erdve poj\u016btis<\/span><\/li>\n<li class=\"li3\"><span class=\"s2\">\u0161viesos blyksniai ar spalv\u0173 reg\u0117jimas u\u017emerktomis akimis<\/span><\/li>\n<li class=\"li3\"><span class=\"s2\">laiko poj\u016b\u010dio i\u0161nykimas arba sul\u0117t\u0117jimas<\/span><\/li>\n<li class=\"li3\"><span class=\"s2\">gilus d\u0117kingumo, meil\u0117s ar d\u017eiaugsmo jausmas<\/span><\/li>\n<li class=\"li3\"><span class=\"s2\">kv\u0117pavimo tempo nat\u016bralus pasikeitimas<\/span><\/li>\n<\/ul>\n<\/li>\n<\/ul>\n<p><em><strong>Meditacijos dovanos:<\/strong><\/em><\/p>\n<p class=\"p1\"><strong><em><span class=\"s1\">K\u016bnui<\/span><\/em><\/strong><\/p>\n<p class=\"p2\"><span class=\"s2\"> \u2022 <\/span><span class=\"s1\">Savistaba ir s\u0105moningumas k\u016bne<\/span><span class=\"s2\"> \u2013 pradedam geriau jausti k\u016bno signalus, pasteb\u0117ti \u012ftampas, atpalaiduoti raumenis<\/span><\/p>\n<p class=\"p2\"><span class=\"s2\"> \u2022 <\/span><span class=\"s1\">Intuityvus maisto pasirinkimas<\/span><span class=\"s2\"> \u2013 pama\u017eu i\u0161mokstam atskirti, koks maistas mums tinka, o kas silpnina m\u016bs\u0173 k\u016bn\u0105<\/span><\/p>\n<p class=\"p2\"><span class=\"s2\"> \u2022 <\/span><span class=\"s1\">Subalansuota nerv\u0173 sistema<\/span><span class=\"s2\"> \u2013 ramina stres\u0105, padeda i\u0161laikyti balans\u0105<\/span><\/p>\n<p class=\"p2\"><span class=\"s2\"> \u2022 <\/span><span class=\"s1\">Energijos t\u0117km\u0117<\/span><span class=\"s2\"> \u2013 k\u016bnas tampa lengvesnis, labiau gyvybingas, atsistato vidin\u0117 pusiausvyra<\/span><\/p>\n<p class=\"p1\"><strong><em><span class=\"s1\">Protui<\/span><\/em><\/strong><\/p>\n<p class=\"p2\"><span class=\"s2\"> \u2022 <\/span><span class=\"s1\">Intuicijos lavinimas<\/span><span class=\"s2\"> \u2013 pradedam jausti atsakymus anks\u010diau, nei \u012fsijungia logika<\/span><\/p>\n<p class=\"p2\"><span class=\"s2\"> \u2022 <\/span><span class=\"s1\">D\u0117mesio koncentracija<\/span><span class=\"s2\"> \u2013 lengviau i\u0161laikome d\u0117mes\u012f \u010dia ir dabar<\/span><\/p>\n<p class=\"p2\"><span class=\"s2\"> \u2022 <\/span><span class=\"s1\">Min\u010di\u0173 \u0161vara<\/span><span class=\"s2\"> \u2013 paleid\u017eiame nereikalingas mintis, baimes, abejones<\/span><\/p>\n<p class=\"p2\"><span class=\"s2\"> \u2022 <\/span><span class=\"s1\">Valios ugdymas<\/span><span class=\"s2\"> \u2013 stipr\u0117ja vidin\u0117 drausm\u0117, geb\u0117jimas kryptingai veikti<\/span><\/p>\n<p class=\"p1\"><em><strong><span class=\"s1\">Sielai<\/span><\/strong><\/em><\/p>\n<p class=\"p2\"><span class=\"s2\"> \u2022 <\/span><span class=\"s1\">Sielos \u017eaizd\u0173 gijimas<\/span><span class=\"s2\"> \u2013 i\u0161sivalo senos emocijos, nuoskaudos, traumos<\/span><\/p>\n<p class=\"p2\"><span class=\"s2\"> \u2022 <\/span><span class=\"s1\">Susigr\u0105\u017einami sielos fragmentai<\/span><span class=\"s2\"> \u2013 atsiranda pilnatv\u0117s, vientisumo jausmas<\/span><\/p>\n<p class=\"p2\"><span class=\"s2\"> \u2022 <\/span><span class=\"s1\">Gilesnis ry\u0161ys su savimi<\/span><span class=\"s2\"> \u2013 pradedame labiau myl\u0117ti, priimti save tok\u012f, koks esame<\/span><\/p>\n<p class=\"p2\"><span class=\"s2\"> \u2022 <\/span><span class=\"s1\">Ry\u0161ys su auk\u0161tesne s\u0105mone<\/span><span class=\"s2\"> \u2013 atsiveria gilesnis dvasinis supratimas, vidin\u0117 ramyb\u0117<\/span><\/p>\n<p class=\"p1\"><strong><em><span class=\"s1\">Kasdienyb\u0117je<\/span><\/em><\/strong><\/p>\n<p class=\"p2\"><span class=\"s2\"> \u2022 <\/span><span class=\"s1\">Santykiuose<\/span><span class=\"s2\"> \u2013 daugiau kantryb\u0117s, empatijos, geb\u0117jimo i\u0161girsti kit\u0105<\/span><\/p>\n<p class=\"p2\"><span class=\"s2\"> \u2022 <\/span><span class=\"s1\">Ai\u0161kesni pasirinkimai<\/span><span class=\"s2\"> \u2013 intuityviai atsirenka \u017emon\u0117s, veiklos, sprendimai<\/span><\/p>\n<p class=\"p2\"><span class=\"s2\"> \u2022 <\/span><span class=\"s1\">Vidin\u0117 laisv\u0117<\/span><span class=\"s2\"> \u2013 ma\u017eiau priklausomyb\u0117s i\u0161oriniams dalykams &#8211; daiktams, stimuliantams, patirtims, aplinkai ar kit\u0173 nuomon\u0117ms\u00a0<\/span><\/p>\n<p>&nbsp;<\/p>\n<p style=\"text-align: left;\">Palaimingo klausymosi, Mielieji \ud83d\ude42<\/p>\n<p>Teb\u016bnie lengvumas<\/p>\n<p style=\"text-align: left;\">Egl\u0117 <span class=\"s1\">\ud83e\ude77<\/span><\/p>\n<p style=\"text-align: center;\">\n","protected":false},"excerpt":{"rendered":"<p>\u012esigij\u0119 meditacij\u0105, netrukus savo el. pa\u0161te rasite lai\u0161k\u0105. Parsisiuntimo nuoroda galios 1 m\u0117n. B\u016btinai \u012fveskite teising\u0105 el. pa\u0161to adres\u0105, kad gars\u0173 kelion\u0117 pasiekt\u0173 jus be kli\u016b\u010di\u0173. \ud83c\udf19 Instrukcija meditacijai Prie\u0161 pradedant, pasir\u016bpink patogia ir jaukia aplinka: \u3030\ufe0f Atsigulk ant nugaros arba patogiai \u012fsitaisyk kr\u0117sle, kad k\u016bnas gal\u0117t\u0173 visi\u0161kai atsipalaiduoti \u3030\ufe0f \u0160iltai u\u017esiklok, kad meditacijos metu [&hellip;]<\/p>\n","protected":false},"featured_media":3641,"comment_status":"open","ping_status":"closed","template":"","meta":{"om_disable_all_campaigns":false,"_monsterinsights_skip_tracking":false,"_monsterinsights_sitenote_active":false,"_monsterinsights_sitenote_note":"","_monsterinsights_sitenote_category":0,"site-sidebar-layout":"default","site-content-layout":"","ast-site-content-layout":"default","site-content-style":"default","site-sidebar-style":"default","ast-global-header-display":"","ast-banner-title-visibility":"","ast-main-header-display":"","ast-hfb-above-header-display":"","ast-hfb-below-header-display":"","ast-hfb-mobile-header-display":"","site-post-title":"","ast-breadcrumbs-content":"","ast-featured-img":"","footer-sml-layout":"","theme-transparent-header-meta":"default","adv-header-id-meta":"","stick-header-meta":"","header-above-stick-meta":"","header-main-stick-meta":"","header-below-stick-meta":"","astra-migrate-meta-layouts":"set","ast-page-background-enabled":"default","ast-page-background-meta":{"desktop":{"background-color":"","background-image":"","background-repeat":"repeat","background-position":"center center","background-size":"auto","background-attachment":"scroll","background-type":"","background-media":"","overlay-type":"","overlay-color":"","overlay-opacity":"","overlay-gradient":""},"tablet":{"background-color":"","background-image":"","background-repeat":"repeat","background-position":"center center","background-size":"auto","background-attachment":"scroll","background-type":"","background-media":"","overlay-type":"","overlay-color":"","overlay-opacity":"","overlay-gradient":""},"mobile":{"background-color":"","background-image":"","background-repeat":"repeat","background-position":"center center","background-size":"auto","background-attachment":"scroll","background-type":"","background-media":"","overlay-type":"","overlay-color":"","overlay-opacity":"","overlay-gradient":""}},"ast-content-background-meta":{"desktop":{"background-color":"var(--ast-global-color-5)","background-image":"","background-repeat":"repeat","background-position":"center center","background-size":"auto","background-attachment":"scroll","background-type":"","background-media":"","overlay-type":"","overlay-color":"","overlay-opacity":"","overlay-gradient":""},"tablet":{"background-color":"var(--ast-global-color-5)","background-image":"","background-repeat":"repeat","background-position":"center center","background-size":"auto","background-attachment":"scroll","background-type":"","background-media":"","overlay-type":"","overlay-color":"","overlay-opacity":"","overlay-gradient":""},"mobile":{"background-color":"var(--ast-global-color-5)","background-image":"","background-repeat":"repeat","background-position":"center center","background-size":"auto","background-attachment":"scroll","background-type":"","background-media":"","overlay-type":"","overlay-color":"","overlay-opacity":"","overlay-gradient":""}}},"product_brand":[],"product_cat":[47,33],"product_tag":[],"class_list":{"0":"post-3639","1":"product","2":"type-product","3":"status-publish","4":"has-post-thumbnail","6":"product_cat-meditacija","7":"product_cat-saves-pazinimas","8":"desktop-align-center","9":"tablet-align-left","10":"mobile-align-left","12":"first","13":"instock","14":"downloadable","15":"virtual","16":"sold-individually","17":"purchasable","18":"product-type-simple"},"aioseo_notices":[],"_links":{"self":[{"href":"https:\/\/mysticartiste.com\/index.php\/wp-json\/wp\/v2\/product\/3639","targetHints":{"allow":["GET"]}}],"collection":[{"href":"https:\/\/mysticartiste.com\/index.php\/wp-json\/wp\/v2\/product"}],"about":[{"href":"https:\/\/mysticartiste.com\/index.php\/wp-json\/wp\/v2\/types\/product"}],"replies":[{"embeddable":true,"href":"https:\/\/mysticartiste.com\/index.php\/wp-json\/wp\/v2\/comments?post=3639"}],"wp:featuredmedia":[{"embeddable":true,"href":"https:\/\/mysticartiste.com\/index.php\/wp-json\/wp\/v2\/media\/3641"}],"wp:attachment":[{"href":"https:\/\/mysticartiste.com\/index.php\/wp-json\/wp\/v2\/media?parent=3639"}],"wp:term":[{"taxonomy":"product_brand","embeddable":true,"href":"https:\/\/mysticartiste.com\/index.php\/wp-json\/wp\/v2\/product_brand?post=3639"},{"taxonomy":"product_cat","embeddable":true,"href":"https:\/\/mysticartiste.com\/index.php\/wp-json\/wp\/v2\/product_cat?post=3639"},{"taxonomy":"product_tag","embeddable":true,"href":"https:\/\/mysticartiste.com\/index.php\/wp-json\/wp\/v2\/product_tag?post=3639"}],"curies":[{"name":"wp","href":"https:\/\/api.w.org\/{rel}","templated":true}]}}